{"id":2,"date":"2024-01-26T16:15:42","date_gmt":"2024-01-26T15:15:42","guid":{"rendered":"https:\/\/soplatrabajos.bmotik.com\/?page_id=2"},"modified":"2025-11-15T15:46:25","modified_gmt":"2025-11-15T20:46:25","slug":"landing","status":"publish","type":"page","link":"https:\/\/soplatrabajos.bmotik.com\/es\/landing\/","title":{"rendered":"Aterrizaje"},"content":{"rendered":"<div data-elementor-type=\"wp-page\" data-elementor-id=\"2\" class=\"elementor elementor-2\" data-elementor-post-type=\"page\">\n\t\t\t\t<div class=\"elementor-element elementor-element-a1e1371 e-con-full e-flex e-con e-parent\" data-id=\"a1e1371\" data-element_type=\"container\" data-settings=\"{&quot;jet_parallax_layout_list&quot;:[],&quot;background_background&quot;:&quot;classic&quot;}\">\n\t\t<div class=\"elementor-element elementor-element-e0ff780 e-con-full e-flex e-con e-child\" data-id=\"e0ff780\" data-element_type=\"container\" data-settings=\"{&quot;jet_parallax_layout_list&quot;:[]}\">\n\t\t<div class=\"elementor-element elementor-element-1b58acb e-con-full e-flex e-con e-child\" data-id=\"1b58acb\" data-element_type=\"container\" data-settings=\"{&quot;jet_parallax_layout_list&quot;:[]}\">\n\t\t\t\t<div class=\"elementor-element elementor-element-d188ec5 elementor-widget elementor-widget-heading\" data-id=\"d188ec5\" data-element_type=\"widget\" data-widget_type=\"heading.default\">\n\t\t\t\t<div class=\"elementor-widget-container\">\n\t\t\t\t\t<h2 class=\"elementor-heading-title elementor-size-default\">III Congreso Internacional de Oftalmolog\u00eda Pedi\u00e1trica<\/h2>\t\t\t\t<\/div>\n\t\t\t\t<\/div>\n\t\t\t\t<div class=\"elementor-element elementor-element-57dd913 elementor-widget elementor-widget-heading\" data-id=\"57dd913\" data-element_type=\"widget\" data-widget_type=\"heading.default\">\n\t\t\t\t<div class=\"elementor-widget-container\">\n\t\t\t\t\t<h2 class=\"elementor-heading-title elementor-size-default\">PLATAFORMA DE PRESENTACI\u00d3N DE TRABAJOS CIENT\u00cdFICOS<\/h2>\t\t\t\t<\/div>\n\t\t\t\t<\/div>\n\t\t\t\t<div class=\"elementor-element elementor-element-422d298 elementor-widget elementor-widget-heading\" data-id=\"422d298\" data-element_type=\"widget\" data-widget_type=\"heading.default\">\n\t\t\t\t<div class=\"elementor-widget-container\">\n\t\t\t\t\t<h4 class=\"elementor-heading-title elementor-size-default\">DIRECTRICES<\/h4>\t\t\t\t<\/div>\n\t\t\t\t<\/div>\n\t\t\t\t<div class=\"elementor-element elementor-element-fdba109 elementor-widget__width-inherit elementor-widget elementor-widget-text-editor\" data-id=\"fdba109\" data-element_type=\"widget\" data-widget_type=\"text-editor.default\">\n\t\t\t\t<div class=\"elementor-widget-container\">\n\t\t\t\t\t\t\t\t\t<p>El Congreso est\u00e1 dedicado a presentar proyectos innovadores y relevantes en oftalmolog\u00eda pedi\u00e1trica. Le invitamos cordialmente a participar enviando su resumen de Trabajo Libre, P\u00f3ster o Video gratuito.<\/p>\t\t\t\t\t\t\t\t<\/div>\n\t\t\t\t<\/div>\n\t\t\t\t<\/div>\n\t\t\t\t<div class=\"elementor-element elementor-element-48f5a2b elementor-widget__width-initial elementor-widget elementor-widget-image\" data-id=\"48f5a2b\" data-element_type=\"widget\" data-widget_type=\"image.default\">\n\t\t\t\t<div class=\"elementor-widget-container\">\n\t\t\t\t\t\t\t\t\t\t\t\t\t\t\t<img decoding=\"async\" width=\"301\" height=\"66\" src=\"https:\/\/soplatrabajos.bmotik.com\/wp-content\/uploads\/2025\/09\/logoh_sopla.png\" class=\"attachment-full size-full wp-image-5702\" alt=\"\" srcset=\"https:\/\/soplatrabajos.bmotik.com\/wp-content\/uploads\/2025\/09\/logoh_sopla.png 301w, https:\/\/soplatrabajos.bmotik.com\/wp-content\/uploads\/2025\/09\/logoh_sopla-18x4.png 18w\" sizes=\"(max-width: 301px) 100vw, 301px\" \/>\t\t\t\t\t\t\t\t\t\t\t\t\t\t\t<\/div>\n\t\t\t\t<\/div>\n\t\t\t\t<\/div>\n\t\t<div class=\"elementor-element elementor-element-0bc76e0 e-con-full e-flex e-con e-child\" data-id=\"0bc76e0\" data-element_type=\"container\" data-settings=\"{&quot;jet_parallax_layout_list&quot;:[]}\">\n\t\t<div class=\"elementor-element elementor-element-13db78a e-con-full e-flex e-con e-child\" data-id=\"13db78a\" data-element_type=\"container\" data-settings=\"{&quot;jet_parallax_layout_list&quot;:[]}\">\n\t\t\t\t<div class=\"elementor-element elementor-element-0209aa3 elementor-widget__width-initial elementor-widget elementor-widget-heading\" data-id=\"0209aa3\" data-element_type=\"widget\" data-widget_type=\"heading.default\">\n\t\t\t\t<div class=\"elementor-widget-container\">\n\t\t\t\t\t<p class=\"elementor-heading-title elementor-size-default\">1.<\/p>\t\t\t\t<\/div>\n\t\t\t\t<\/div>\n\t\t\t\t<div class=\"elementor-element elementor-element-81d6d52 elementor-widget__width-initial elementor-widget elementor-widget-heading\" data-id=\"81d6d52\" data-element_type=\"widget\" data-widget_type=\"heading.default\">\n\t\t\t\t<div class=\"elementor-widget-container\">\n\t\t\t\t\t<p class=\"elementor-heading-title elementor-size-default\">El Comit\u00e9 Organizador <span class=\"enfasis_title\"> supervisar\u00e1 el proceso de presentaci\u00f3n de trabajos libres, p\u00f3sters y v\u00eddeos presentados en\ncada categor\u00eda<\/span>.<\/p>\t\t\t\t<\/div>\n\t\t\t\t<\/div>\n\t\t\t\t<div class=\"elementor-element elementor-element-259e2d4 elementor-widget__width-inherit elementor-widget elementor-widget-text-editor\" data-id=\"259e2d4\" data-element_type=\"widget\" data-widget_type=\"text-editor.default\">\n\t\t\t\t<div class=\"elementor-widget-container\">\n\t\t\t\t\t\t\t\t\t<p>Una vez enviados los trabajos libres, p\u00f3steres y videos se asignar\u00e1n a revisores nacionales e internacionales, cuidadosamente seleccionados por los miembros del comit\u00e9. Todas las evaluaciones se realizar\u00e1n de forma an\u00f3nima.<\/p>\t\t\t\t\t\t\t\t<\/div>\n\t\t\t\t<\/div>\n\t\t\t\t<\/div>\n\t\t<div class=\"elementor-element elementor-element-02e4e34 e-con-full e-flex e-con e-child\" data-id=\"02e4e34\" data-element_type=\"container\" data-settings=\"{&quot;jet_parallax_layout_list&quot;:[]}\">\n\t\t\t\t<div class=\"elementor-element elementor-element-01d6744 elementor-widget__width-initial elementor-widget elementor-widget-heading\" data-id=\"01d6744\" data-element_type=\"widget\" data-widget_type=\"heading.default\">\n\t\t\t\t<div class=\"elementor-widget-container\">\n\t\t\t\t\t<p class=\"elementor-heading-title elementor-size-default\">2.<\/p>\t\t\t\t<\/div>\n\t\t\t\t<\/div>\n\t\t\t\t<div class=\"elementor-element elementor-element-52409ea elementor-widget__width-initial elementor-widget elementor-widget-heading\" data-id=\"52409ea\" data-element_type=\"widget\" data-widget_type=\"heading.default\">\n\t\t\t\t<div class=\"elementor-widget-container\">\n\t\t\t\t\t<p class=\"elementor-heading-title elementor-size-default\">Las categor\u00edas de presentaci\u00f3n son: <span class=\"enfasis_title\">TRABAJO LIBRE, P\u00d3STER y V\u00cdDEO GRATUITOS<\/span>.<\/p>\t\t\t\t<\/div>\n\t\t\t\t<\/div>\n\t\t\t\t<div class=\"elementor-element elementor-element-cd46fd3 elementor-widget__width-inherit elementor-widget elementor-widget-text-editor\" data-id=\"cd46fd3\" data-element_type=\"widget\" data-widget_type=\"text-editor.default\">\n\t\t\t\t<div class=\"elementor-widget-container\">\n\t\t\t\t\t\t\t\t\t<p>Existe una r\u00fabrica de calificaci\u00f3n de libre consulta a la que puede acceder <a href=\"https:\/\/soplatrabajos.bmotik.com\/wp-content\/uploads\/2025\/09\/2024-11-07_RUBRIC-FOR-EVALUATION-OF-SCIENTIFIC-WORK-English-1.pdf\" target=\"_blank\" rel=\"noopener\">aqu\u00ed<\/a>. Le recomendamos encarecidamente que la revise para comprender los criterios que se utilizar\u00e1n para evaluar su trabajo. Las r\u00fabricas de evaluaci\u00f3n est\u00e1n dise\u00f1adas en un formato general para permitir un uso generalizado. No obstante, dado que los trabajos pueden presentar ligeras variaciones estructurales, los revisores est\u00e1n preparados para aplicar estas r\u00fabricas de forma adecuada en cada caso.<\/p><p>** Tenga en cuenta que los informes de casos deben presentarse como res\u00famenes de p\u00f3ster.<\/p>\t\t\t\t\t\t\t\t<\/div>\n\t\t\t\t<\/div>\n\t\t\t\t<\/div>\n\t\t\t\t<\/div>\n\t\t<div class=\"elementor-element elementor-element-a03e8e7 e-con-full e-flex e-con e-child\" data-id=\"a03e8e7\" data-element_type=\"container\" data-settings=\"{&quot;jet_parallax_layout_list&quot;:[]}\">\n\t\t<div class=\"elementor-element elementor-element-b0a07db e-con-full e-flex e-con e-child\" data-id=\"b0a07db\" data-element_type=\"container\" data-settings=\"{&quot;jet_parallax_layout_list&quot;:[]}\">\n\t\t\t\t<div class=\"elementor-element elementor-element-d46fc78 elementor-widget__width-initial elementor-widget elementor-widget-heading\" data-id=\"d46fc78\" data-element_type=\"widget\" data-widget_type=\"heading.default\">\n\t\t\t\t<div class=\"elementor-widget-container\">\n\t\t\t\t\t<p class=\"elementor-heading-title elementor-size-default\">3.<\/p>\t\t\t\t<\/div>\n\t\t\t\t<\/div>\n\t\t\t\t<div class=\"elementor-element elementor-element-1c332cf elementor-widget__width-initial elementor-widget elementor-widget-heading\" data-id=\"1c332cf\" data-element_type=\"widget\" data-widget_type=\"heading.default\">\n\t\t\t\t<div class=\"elementor-widget-container\">\n\t\t\t\t\t<p class=\"elementor-heading-title elementor-size-default\">Manejo de <span class=\"enfasis_title\"> Im\u00e1genes de pacientes<\/span>.\n\n\n\n<\/p>\t\t\t\t<\/div>\n\t\t\t\t<\/div>\n\t\t\t\t<div class=\"elementor-element elementor-element-5e8bd78 elementor-widget__width-inherit elementor-widget elementor-widget-text-editor\" data-id=\"5e8bd78\" data-element_type=\"widget\" data-widget_type=\"text-editor.default\">\n\t\t\t\t<div class=\"elementor-widget-container\">\n\t\t\t\t\t\t\t\t\t<p>Para participar en las sesiones de trabajos libres, p\u00f3steres y v\u00eddeos, es imprescindible obtener el consentimiento previo para el uso de im\u00e1genes de pacientes. El Congreso no se responsabiliza de las im\u00e1genes incluidas en los trabajos libres, p\u00f3steres o v\u00eddeos presentados. Es responsabilidad de los autores garantizar el cumplimiento de todas las normas \u00e9ticas y legales pertinentes.<\/p>\t\t\t\t\t\t\t\t<\/div>\n\t\t\t\t<\/div>\n\t\t\t\t<\/div>\n\t\t<div class=\"elementor-element elementor-element-1693315 e-con-full e-flex e-con e-child\" data-id=\"1693315\" data-element_type=\"container\" data-settings=\"{&quot;jet_parallax_layout_list&quot;:[]}\">\n\t\t\t\t<div class=\"elementor-element elementor-element-ffc7c76 elementor-widget__width-initial elementor-widget elementor-widget-heading\" data-id=\"ffc7c76\" data-element_type=\"widget\" data-widget_type=\"heading.default\">\n\t\t\t\t<div class=\"elementor-widget-container\">\n\t\t\t\t\t<p class=\"elementor-heading-title elementor-size-default\">4.<\/p>\t\t\t\t<\/div>\n\t\t\t\t<\/div>\n\t\t\t\t<div class=\"elementor-element elementor-element-60c175b elementor-widget__width-initial elementor-widget elementor-widget-heading\" data-id=\"60c175b\" data-element_type=\"widget\" data-widget_type=\"heading.default\">\n\t\t\t\t<div class=\"elementor-widget-container\">\n\t\t\t\t\t<p class=\"elementor-heading-title elementor-size-default\">Lengua de <span class=\"enfasis_title\"> T\u00edtulo y resumen<\/span>.\n<\/p>\t\t\t\t<\/div>\n\t\t\t\t<\/div>\n\t\t\t\t<div class=\"elementor-element elementor-element-5893e13 elementor-widget__width-inherit elementor-widget elementor-widget-text-editor\" data-id=\"5893e13\" data-element_type=\"widget\" data-widget_type=\"text-editor.default\">\n\t\t\t\t<div class=\"elementor-widget-container\">\n\t\t\t\t\t\t\t\t\t<p>El t\u00edtulo y el resumen deben estar en la lengua de la presentaci\u00f3n. Si la ponencia se presenta en ingl\u00e9s, tanto el t\u00edtulo como el resumen deben estar en ingl\u00e9s. Si se presenta en espa\u00f1ol, ambos deber\u00e1n estar en espa\u00f1ol. Si se presenta en portugu\u00e9s, ambos deber\u00e1n estar en portugu\u00e9s.<\/p>\t\t\t\t\t\t\t\t<\/div>\n\t\t\t\t<\/div>\n\t\t\t\t<\/div>\n\t\t\t\t<\/div>\n\t\t<div class=\"elementor-element elementor-element-1ecfc11 e-con-full e-flex e-con e-child\" data-id=\"1ecfc11\" data-element_type=\"container\" data-settings=\"{&quot;jet_parallax_layout_list&quot;:[]}\">\n\t\t<div class=\"elementor-element elementor-element-180079d e-con-full e-flex e-con e-child\" data-id=\"180079d\" data-element_type=\"container\" data-settings=\"{&quot;jet_parallax_layout_list&quot;:[]}\">\n\t\t\t\t<div class=\"elementor-element elementor-element-a7ce294 elementor-widget__width-initial elementor-widget elementor-widget-heading\" data-id=\"a7ce294\" data-element_type=\"widget\" data-widget_type=\"heading.default\">\n\t\t\t\t<div class=\"elementor-widget-container\">\n\t\t\t\t\t<p class=\"elementor-heading-title elementor-size-default\">5.<\/p>\t\t\t\t<\/div>\n\t\t\t\t<\/div>\n\t\t\t\t<div class=\"elementor-element elementor-element-78943f2 elementor-widget__width-initial elementor-widget elementor-widget-heading\" data-id=\"78943f2\" data-element_type=\"widget\" data-widget_type=\"heading.default\">\n\t\t\t\t<div class=\"elementor-widget-container\">\n\t\t\t\t\t<p class=\"elementor-heading-title elementor-size-default\">Tenga en cuenta la <span class=\"enfasis_title\">plazo <\/span> para la recepci\u00f3n de ponencias: \n<\/p>\t\t\t\t<\/div>\n\t\t\t\t<\/div>\n\t\t\t\t<div class=\"elementor-element elementor-element-ed23bad elementor-widget__width-inherit elementor-widget elementor-widget-text-editor\" data-id=\"ed23bad\" data-element_type=\"widget\" data-widget_type=\"text-editor.default\">\n\t\t\t\t<div class=\"elementor-widget-container\">\n\t\t\t\t\t\t\t\t\t<p>The deadline for submission is november 29th, 2025 at 23:59 pm <strong>Colombian time<\/strong>.<br \/>Haga clic en <a href=\"https:\/\/www.timeanddate.com\/worldclock\/colombia\/bogota\" target=\"_blank\" rel=\"noopener\">aqu\u00ed<\/a> para saber la hora en la que se encuentra.<\/p>\t\t\t\t\t\t\t\t<\/div>\n\t\t\t\t<\/div>\n\t\t\t\t<\/div>\n\t\t<div class=\"elementor-element elementor-element-01f1fa4 e-con-full e-flex e-con e-child\" data-id=\"01f1fa4\" data-element_type=\"container\" data-settings=\"{&quot;jet_parallax_layout_list&quot;:[]}\">\n\t\t\t\t<div class=\"elementor-element elementor-element-9a4de04 elementor-widget__width-initial elementor-widget elementor-widget-image\" data-id=\"9a4de04\" data-element_type=\"widget\" data-widget_type=\"image.default\">\n\t\t\t\t<div class=\"elementor-widget-container\">\n\t\t\t\t\t\t\t\t\t\t\t\t\t\t\t<img fetchpriority=\"high\" decoding=\"async\" width=\"800\" height=\"450\" src=\"https:\/\/soplatrabajos.bmotik.com\/wp-content\/uploads\/2025\/09\/medellin-banner-1024x576.jpg\" class=\"attachment-large size-large wp-image-5703\" alt=\"\" srcset=\"https:\/\/soplatrabajos.bmotik.com\/wp-content\/uploads\/2025\/09\/medellin-banner-1024x576.jpg 1024w, https:\/\/soplatrabajos.bmotik.com\/wp-content\/uploads\/2025\/09\/medellin-banner-300x169.jpg 300w, https:\/\/soplatrabajos.bmotik.com\/wp-content\/uploads\/2025\/09\/medellin-banner-768x432.jpg 768w, https:\/\/soplatrabajos.bmotik.com\/wp-content\/uploads\/2025\/09\/medellin-banner-1536x864.jpg 1536w, https:\/\/soplatrabajos.bmotik.com\/wp-content\/uploads\/2025\/09\/medellin-banner-18x10.jpg 18w, https:\/\/soplatrabajos.bmotik.com\/wp-content\/uploads\/2025\/09\/medellin-banner.jpg 1600w\" sizes=\"(max-width: 800px) 100vw, 800px\" \/>\t\t\t\t\t\t\t\t\t\t\t\t\t\t\t<\/div>\n\t\t\t\t<\/div>\n\t\t\t\t<\/div>\n\t\t\t\t<\/div>\n\t\t\t\t<div class=\"elementor-element elementor-element-65e2d30 elementor-widget elementor-widget-menu-anchor\" data-id=\"65e2d30\" data-element_type=\"widget\" data-widget_type=\"menu-anchor.default\">\n\t\t\t\t<div class=\"elementor-widget-container\">\n\t\t\t\t\t\t\t<div class=\"elementor-menu-anchor\" id=\"iniciar\"><\/div>\n\t\t\t\t\t\t<\/div>\n\t\t\t\t<\/div>\n\t\t\t\t<\/div>\n\t\t<div class=\"elementor-element elementor-element-84dd3ac e-con-full e-flex e-con e-child\" data-id=\"84dd3ac\" data-element_type=\"container\" data-settings=\"{&quot;jet_parallax_layout_list&quot;:[],&quot;background_background&quot;:&quot;classic&quot;}\">\n\t\t<div class=\"elementor-element elementor-element-41b013b jedv-enabled--yes e-flex e-con-boxed e-con e-child\" data-id=\"41b013b\" data-element_type=\"container\" data-settings=\"{&quot;jet_parallax_layout_list&quot;:[]}\">\n\t\t\t\t\t<div class=\"e-con-inner\">\n\t\t\t\t<div class=\"elementor-element elementor-element-8427358 elementor-widget elementor-widget-heading\" data-id=\"8427358\" data-element_type=\"widget\" data-widget_type=\"heading.default\">\n\t\t\t\t<div class=\"elementor-widget-container\">\n\t\t\t\t\t<h4 class=\"elementor-heading-title elementor-size-default\">La convocatoria para la presentaci\u00f3n de art\u00edculos cient\u00edficos ha finalizado.<br><br>\nGracias por participar.<\/h4>\t\t\t\t<\/div>\n\t\t\t\t<\/div>\n\t\t\t\t\t<\/div>\n\t\t\t\t<\/div>\n\t\t\t\t<\/div>\n\t\t\t\t<\/div>","protected":false},"excerpt":{"rendered":"<p>III International Congress of Pediatric Ophthalmology ABSTRACT SUBMISSION PLATFORM GUIDELINES The Congress is dedicated to presenting innovative and relevant projects in pediatric ophthalmology. We warmly invite you to take part in by submitting your free paper, poster, and\/or video abstract. 1. The Organizing Committee will oversee the submission process for papers, posters, and videos submitted [&hellip;]<\/p>","protected":false},"author":1,"featured_media":0,"parent":0,"menu_order":0,"comment_status":"closed","ping_status":"closed","template":"elementor_header_footer","meta":{"footnotes":""},"class_list":["post-2","page","type-page","status-publish","hentry"],"_links":{"self":[{"href":"https:\/\/soplatrabajos.bmotik.com\/es\/wp-json\/wp\/v2\/pages\/2","targetHints":{"allow":["GET"]}}],"collection":[{"href":"https:\/\/soplatrabajos.bmotik.com\/es\/wp-json\/wp\/v2\/pages"}],"about":[{"href":"https:\/\/soplatrabajos.bmotik.com\/es\/wp-json\/wp\/v2\/types\/page"}],"author":[{"embeddable":true,"href":"https:\/\/soplatrabajos.bmotik.com\/es\/wp-json\/wp\/v2\/users\/1"}],"replies":[{"embeddable":true,"href":"https:\/\/soplatrabajos.bmotik.com\/es\/wp-json\/wp\/v2\/comments?post=2"}],"version-history":[{"count":438,"href":"https:\/\/soplatrabajos.bmotik.com\/es\/wp-json\/wp\/v2\/pages\/2\/revisions"}],"predecessor-version":[{"id":5747,"href":"https:\/\/soplatrabajos.bmotik.com\/es\/wp-json\/wp\/v2\/pages\/2\/revisions\/5747"}],"wp:attachment":[{"href":"https:\/\/soplatrabajos.bmotik.com\/es\/wp-json\/wp\/v2\/media?parent=2"}],"curies":[{"name":"wp","href":"https:\/\/api.w.org\/{rel}","templated":true}]}}