{"id":183,"date":"2024-01-27T00:17:36","date_gmt":"2024-01-26T23:17:36","guid":{"rendered":"https:\/\/soplatrabajos.bmotik.com\/?page_id=183"},"modified":"2025-12-30T15:32:08","modified_gmt":"2025-12-30T20:32:08","slug":"login","status":"publish","type":"page","link":"https:\/\/soplatrabajos.bmotik.com\/es\/login\/","title":{"rendered":"Inicio de sesi\u00f3n"},"content":{"rendered":"<div data-elementor-type=\"wp-page\" data-elementor-id=\"183\" class=\"elementor elementor-183\" data-elementor-post-type=\"page\">\n\t\t\t\t<div class=\"elementor-element elementor-element-be7366c e-flex e-con-boxed e-con e-parent\" data-id=\"be7366c\" data-element_type=\"container\" data-settings=\"{&quot;jet_parallax_layout_list&quot;:[],&quot;background_background&quot;:&quot;classic&quot;}\">\n\t\t\t\t\t<div class=\"e-con-inner\">\n\t\t<div class=\"elementor-element elementor-element-60a69b4 e-con-full e-flex e-con e-child\" data-id=\"60a69b4\" data-element_type=\"container\" data-settings=\"{&quot;jet_parallax_layout_list&quot;:[]}\">\n\t\t\t\t<div class=\"elementor-element elementor-element-ef37bd7 elementor-widget elementor-widget-heading\" data-id=\"ef37bd7\" data-element_type=\"widget\" data-widget_type=\"heading.default\">\n\t\t\t\t<div class=\"elementor-widget-container\">\n\t\t\t\t\t<h2 class=\"elementor-heading-title elementor-size-default\">Welcome<\/h2>\t\t\t\t<\/div>\n\t\t\t\t<\/div>\n\t\t\t\t<div class=\"elementor-element elementor-element-9dfb713 elementor-widget elementor-widget-heading\" data-id=\"9dfb713\" data-element_type=\"widget\" data-widget_type=\"heading.default\">\n\t\t\t\t<div class=\"elementor-widget-container\">\n\t\t\t\t\t<h2 class=\"elementor-heading-title elementor-size-default\">PLATAFORMA DE PRESENTACI\u00d3N DE TRABAJOS CIENT\u00cdFICOS<\/h2>\t\t\t\t<\/div>\n\t\t\t\t<\/div>\n\t\t\t\t<div class=\"elementor-element elementor-element-fbd65b4 elementor-widget elementor-widget-image\" data-id=\"fbd65b4\" data-element_type=\"widget\" data-widget_type=\"image.default\">\n\t\t\t\t<div class=\"elementor-widget-container\">\n\t\t\t\t\t\t\t\t\t\t\t\t\t\t\t<img decoding=\"async\" width=\"301\" height=\"66\" src=\"https:\/\/soplatrabajos.bmotik.com\/wp-content\/uploads\/2025\/09\/logoh_sopla.png\" class=\"attachment-full size-full wp-image-5702\" alt=\"\" srcset=\"https:\/\/soplatrabajos.bmotik.com\/wp-content\/uploads\/2025\/09\/logoh_sopla.png 301w, https:\/\/soplatrabajos.bmotik.com\/wp-content\/uploads\/2025\/09\/logoh_sopla-18x4.png 18w\" sizes=\"(max-width: 301px) 100vw, 301px\" \/>\t\t\t\t\t\t\t\t\t\t\t\t\t\t\t<\/div>\n\t\t\t\t<\/div>\n\t\t\t\t<\/div>\n\t\t<div class=\"elementor-element elementor-element-853c025 e-con-full e-flex e-con e-child\" data-id=\"853c025\" data-element_type=\"container\" data-settings=\"{&quot;jet_parallax_layout_list&quot;:[],&quot;background_background&quot;:&quot;classic&quot;}\">\n\t\t\t\t<div class=\"elementor-element elementor-element-a5b847b elementor-widget elementor-widget-image\" data-id=\"a5b847b\" data-element_type=\"widget\" data-widget_type=\"image.default\">\n\t\t\t\t<div class=\"elementor-widget-container\">\n\t\t\t\t\t\t\t\t\t\t\t\t\t\t\t<img decoding=\"async\" width=\"301\" height=\"66\" src=\"https:\/\/soplatrabajos.bmotik.com\/wp-content\/uploads\/2025\/09\/logoh_sopla.png\" class=\"attachment-large size-large wp-image-5702\" alt=\"\" srcset=\"https:\/\/soplatrabajos.bmotik.com\/wp-content\/uploads\/2025\/09\/logoh_sopla.png 301w, https:\/\/soplatrabajos.bmotik.com\/wp-content\/uploads\/2025\/09\/logoh_sopla-18x4.png 18w\" sizes=\"(max-width: 301px) 100vw, 301px\" \/>\t\t\t\t\t\t\t\t\t\t\t\t\t\t\t<\/div>\n\t\t\t\t<\/div>\n\t\t<div class=\"elementor-element elementor-element-7a8a9b3 jedv-enabled--yes e-flex e-con-boxed e-con e-child\" data-id=\"7a8a9b3\" data-element_type=\"container\" data-settings=\"{&quot;jet_parallax_layout_list&quot;:[]}\">\n\t\t\t\t\t<div class=\"e-con-inner\">\n\t\t\t\t<div class=\"elementor-element elementor-element-2427430 elementor-widget elementor-widget-heading\" data-id=\"2427430\" data-element_type=\"widget\" data-widget_type=\"heading.default\">\n\t\t\t\t<div class=\"elementor-widget-container\">\n\t\t\t\t\t<h4 class=\"elementor-heading-title elementor-size-default\">La convocatoria para la presentaci\u00f3n de art\u00edculos cient\u00edficos ha finalizado.<br><br>Gracias por participar.<\/h4>\t\t\t\t<\/div>\n\t\t\t\t<\/div>\n\t\t\t\t\t<\/div>\n\t\t\t\t<\/div>\n\t\t\t\t<div class=\"elementor-element elementor-element-9e9daf8 elementor-widget elementor-widget-heading\" data-id=\"9e9daf8\" data-element_type=\"widget\" data-widget_type=\"heading.default\">\n\t\t\t\t<div class=\"elementor-widget-container\">\n\t\t\t\t\t<p class=\"elementor-heading-title elementor-size-default\"><a href=\"\/event-mngr\/\">Si es revisor, acceda a <u><i>aqu\u00ed<\/i><\/u><\/a><\/p>\t\t\t\t<\/div>\n\t\t\t\t<\/div>\n\t\t\t\t<div class=\"elementor-element elementor-element-61c9a45 elementor-widget elementor-widget-spacer\" data-id=\"61c9a45\" data-element_type=\"widget\" data-widget_type=\"spacer.default\">\n\t\t\t\t<div class=\"elementor-widget-container\">\n\t\t\t\t\t\t\t<div class=\"elementor-spacer\">\n\t\t\t<div class=\"elementor-spacer-inner\"><\/div>\n\t\t<\/div>\n\t\t\t\t\t\t<\/div>\n\t\t\t\t<\/div>\n\t\t\t\t<\/div>\n\t\t\t\t\t<\/div>\n\t\t\t\t<\/div>\n\t\t\t\t<\/div>","protected":false},"excerpt":{"rendered":"<p>Welcome ABSTRACT SUBMISSION PLATFORM The call for submissions of scientific papers has ended. Thank you for participating! To start your application process for Scientific Papers, please enter your email address and click on the &#8220;Log in&#8221; button. ID Number * Email * Log in My applications Submit an application If you are a Reviewer please [&hellip;]<\/p>","protected":false},"author":2,"featured_media":0,"parent":0,"menu_order":0,"comment_status":"closed","ping_status":"closed","template":"elementor_canvas","meta":{"footnotes":""},"class_list":["post-183","page","type-page","status-publish","hentry"],"_links":{"self":[{"href":"https:\/\/soplatrabajos.bmotik.com\/es\/wp-json\/wp\/v2\/pages\/183","targetHints":{"allow":["GET"]}}],"collection":[{"href":"https:\/\/soplatrabajos.bmotik.com\/es\/wp-json\/wp\/v2\/pages"}],"about":[{"href":"https:\/\/soplatrabajos.bmotik.com\/es\/wp-json\/wp\/v2\/types\/page"}],"author":[{"embeddable":true,"href":"https:\/\/soplatrabajos.bmotik.com\/es\/wp-json\/wp\/v2\/users\/2"}],"replies":[{"embeddable":true,"href":"https:\/\/soplatrabajos.bmotik.com\/es\/wp-json\/wp\/v2\/comments?post=183"}],"version-history":[{"count":68,"href":"https:\/\/soplatrabajos.bmotik.com\/es\/wp-json\/wp\/v2\/pages\/183\/revisions"}],"predecessor-version":[{"id":5805,"href":"https:\/\/soplatrabajos.bmotik.com\/es\/wp-json\/wp\/v2\/pages\/183\/revisions\/5805"}],"wp:attachment":[{"href":"https:\/\/soplatrabajos.bmotik.com\/es\/wp-json\/wp\/v2\/media?parent=183"}],"curies":[{"name":"wp","href":"https:\/\/api.w.org\/{rel}","templated":true}]}}